{"id":271,"date":"2024-11-18T12:58:02","date_gmt":"2024-11-18T12:58:02","guid":{"rendered":"https:\/\/universalmontaj.ro\/?page_id=271"},"modified":"2024-12-17T05:45:39","modified_gmt":"2024-12-17T05:45:39","slug":"projects","status":"publish","type":"page","link":"https:\/\/universalmontaj.ro\/ro\/projects\/","title":{"rendered":"Proiecte"},"content":{"rendered":"<div data-elementor-type=\"wp-page\" data-elementor-id=\"271\" class=\"elementor elementor-271\" data-elementor-post-type=\"page\">\n\t\t\t\t<div class=\"elementor-element elementor-element-58f4b05 e-flex e-con-boxed elementor-invisible e-con e-parent\" data-id=\"58f4b05\" data-element_type=\"container\" data-settings=\"{&quot;background_background&quot;:&quot;classic&quot;,&quot;animation&quot;:&quot;slideInDown&quot;}\">\n\t\t\t\t\t<div class=\"e-con-inner\">\n\t\t\t\t<div class=\"elementor-element elementor-element-8399258 elementor-invisible elementor-widget elementor-widget-heading\" data-id=\"8399258\" data-element_type=\"widget\" data-settings=\"{&quot;_animation&quot;:&quot;fadeInUp&quot;}\" data-widget_type=\"heading.default\">\n\t\t\t\t<div class=\"elementor-widget-container\">\n\t\t\t\t\t<h2 class=\"elementor-heading-title elementor-size-default\">Proiecte Realizate<\/h2>\t\t\t\t<\/div>\n\t\t\t\t<\/div>\n\t\t\t\t\t<\/div>\n\t\t\t\t<\/div>\n\t\t<div class=\"elementor-element elementor-element-645e4d15 e-flex e-con-boxed e-con e-parent\" data-id=\"645e4d15\" data-element_type=\"container\">\n\t\t\t\t\t<div class=\"e-con-inner\">\n\t\t<div class=\"elementor-element elementor-element-5d3bfdb3 e-con-full e-flex e-con e-child\" data-id=\"5d3bfdb3\" data-element_type=\"container\">\n\t\t<div class=\"elementor-element elementor-element-6c83c2a e-con-full e-flex elementor-invisible e-con e-child\" data-id=\"6c83c2a\" data-element_type=\"container\" data-settings=\"{&quot;animation&quot;:&quot;fadeInUp&quot;}\">\n\t\t\t\t<div class=\"elementor-element elementor-element-2830e1db elementor-widget elementor-widget-image\" data-id=\"2830e1db\" data-element_type=\"widget\" data-widget_type=\"image.default\">\n\t\t\t\t<div class=\"elementor-widget-container\">\n\t\t\t\t\t\t\t\t\t\t\t\t\t\t\t<img fetchpriority=\"high\" decoding=\"async\" width=\"521\" height=\"311\" src=\"https:\/\/universalmontaj.ro\/wp-content\/uploads\/2024\/11\/grece.jpg\" class=\"attachment-large size-large wp-image-92\" alt=\"\" srcset=\"https:\/\/universalmontaj.ro\/wp-content\/uploads\/2024\/11\/grece.jpg 521w, https:\/\/universalmontaj.ro\/wp-content\/uploads\/2024\/11\/grece-300x179.jpg 300w\" sizes=\"(max-width: 521px) 100vw, 521px\" \/>\t\t\t\t\t\t\t\t\t\t\t\t\t\t\t<\/div>\n\t\t\t\t<\/div>\n\t\t\t\t<div class=\"elementor-element elementor-element-609ea50e elementor-widget elementor-widget-heading\" data-id=\"609ea50e\" data-element_type=\"widget\" data-widget_type=\"heading.default\">\n\t\t\t\t<div class=\"elementor-widget-container\">\n\t\t\t\t\t<h2 class=\"elementor-heading-title elementor-size-default\">2021<\/h2>\t\t\t\t<\/div>\n\t\t\t\t<\/div>\n\t\t\t\t<div class=\"elementor-element elementor-element-5fce3234 elementor-widget elementor-widget-heading\" data-id=\"5fce3234\" data-element_type=\"widget\" data-widget_type=\"heading.default\">\n\t\t\t\t<div class=\"elementor-widget-container\">\n\t\t\t\t\t<h2 class=\"elementor-heading-title elementor-size-default\">Grecia<\/h2>\t\t\t\t<\/div>\n\t\t\t\t<\/div>\n\t\t\t\t<div class=\"elementor-element elementor-element-3de65559 elementor-widget elementor-widget-heading\" data-id=\"3de65559\" data-element_type=\"widget\" data-widget_type=\"heading.default\">\n\t\t\t\t<div class=\"elementor-widget-container\">\n\t\t\t\t\t<h2 class=\"elementor-heading-title elementor-size-default\">Amfilochia<\/h2>\t\t\t\t<\/div>\n\t\t\t\t<\/div>\n\t\t\t\t<div class=\"elementor-element elementor-element-34e0d81e elementor-widget elementor-widget-text-editor\" data-id=\"34e0d81e\" data-element_type=\"widget\" data-widget_type=\"text-editor.default\">\n\t\t\t\t<div class=\"elementor-widget-container\">\n\t\t\t\t\t\t\t\t\t<p class=\"p2\">Asamblare mecanic\u0103 a unui sistem  de productie gips-carton, care include linii de amestecare, formare, uscare, mas\u0103 de rulare, toc\u0103tor, transportor transversal \u0219i rotator.<\/p>\t\t\t\t\t\t\t\t<\/div>\n\t\t\t\t<\/div>\n\t\t\t\t<\/div>\n\t\t<div class=\"elementor-element elementor-element-1e71d23f e-con-full e-flex elementor-invisible e-con e-child\" data-id=\"1e71d23f\" data-element_type=\"container\" data-settings=\"{&quot;animation&quot;:&quot;fadeInUp&quot;,&quot;animation_delay&quot;:150}\">\n\t\t\t\t<div class=\"elementor-element elementor-element-6859fb5b elementor-widget elementor-widget-image\" data-id=\"6859fb5b\" data-element_type=\"widget\" data-widget_type=\"image.default\">\n\t\t\t\t<div class=\"elementor-widget-container\">\n\t\t\t\t\t\t\t\t\t\t\t\t\t\t\t<img decoding=\"async\" width=\"521\" height=\"311\" src=\"https:\/\/universalmontaj.ro\/wp-content\/uploads\/2024\/11\/fraance-2.jpg\" class=\"attachment-large size-large wp-image-121\" alt=\"universal montaj france project\" srcset=\"https:\/\/universalmontaj.ro\/wp-content\/uploads\/2024\/11\/fraance-2.jpg 521w, https:\/\/universalmontaj.ro\/wp-content\/uploads\/2024\/11\/fraance-2-300x179.jpg 300w\" sizes=\"(max-width: 521px) 100vw, 521px\" \/>\t\t\t\t\t\t\t\t\t\t\t\t\t\t\t<\/div>\n\t\t\t\t<\/div>\n\t\t\t\t<div class=\"elementor-element elementor-element-25c26c04 elementor-widget elementor-widget-heading\" data-id=\"25c26c04\" data-element_type=\"widget\" data-widget_type=\"heading.default\">\n\t\t\t\t<div class=\"elementor-widget-container\">\n\t\t\t\t\t<h2 class=\"elementor-heading-title elementor-size-default\">2022<\/h2>\t\t\t\t<\/div>\n\t\t\t\t<\/div>\n\t\t\t\t<div class=\"elementor-element elementor-element-5b4fe3a5 elementor-widget elementor-widget-heading\" data-id=\"5b4fe3a5\" data-element_type=\"widget\" data-widget_type=\"heading.default\">\n\t\t\t\t<div class=\"elementor-widget-container\">\n\t\t\t\t\t<h2 class=\"elementor-heading-title elementor-size-default\">Fran\u021ba<\/h2>\t\t\t\t<\/div>\n\t\t\t\t<\/div>\n\t\t\t\t<div class=\"elementor-element elementor-element-1b9f2c08 elementor-widget elementor-widget-heading\" data-id=\"1b9f2c08\" data-element_type=\"widget\" data-widget_type=\"heading.default\">\n\t\t\t\t<div class=\"elementor-widget-container\">\n\t\t\t\t\t<h2 class=\"elementor-heading-title elementor-size-default\">Fos-sur-Mer (Near Marseille)<\/h2>\t\t\t\t<\/div>\n\t\t\t\t<\/div>\n\t\t\t\t<div class=\"elementor-element elementor-element-37016611 elementor-widget elementor-widget-text-editor\" data-id=\"37016611\" data-element_type=\"widget\" data-widget_type=\"text-editor.default\">\n\t\t\t\t<div class=\"elementor-widget-container\">\n\t\t\t\t\t\t\t\t\t<p class=\"p2\">Furnizarea serviciilor de instalare a utilajelor \u0219i echipamentelor industriale pentru asamblarea mecanic\u0103 complet\u0103 a Fabricii de Pl\u0103ci de Gips BMG FOS SAS<\/p>\t\t\t\t\t\t\t\t<\/div>\n\t\t\t\t<\/div>\n\t\t\t\t<\/div>\n\t\t<div class=\"elementor-element elementor-element-cd5a853 e-con-full e-flex elementor-invisible e-con e-child\" data-id=\"cd5a853\" data-element_type=\"container\" data-settings=\"{&quot;animation&quot;:&quot;fadeInUp&quot;,&quot;animation_delay&quot;:450}\">\n\t\t\t\t<div class=\"elementor-element elementor-element-376f4a95 elementor-widget elementor-widget-image\" data-id=\"376f4a95\" data-element_type=\"widget\" data-widget_type=\"image.default\">\n\t\t\t\t<div class=\"elementor-widget-container\">\n\t\t\t\t\t\t\t\t\t\t\t\t\t\t\t<img decoding=\"async\" width=\"521\" height=\"311\" src=\"https:\/\/universalmontaj.ro\/wp-content\/uploads\/2024\/11\/romania-turda-1.jpg\" class=\"attachment-large size-large wp-image-122\" alt=\"romania turda universal montaj\" srcset=\"https:\/\/universalmontaj.ro\/wp-content\/uploads\/2024\/11\/romania-turda-1.jpg 521w, https:\/\/universalmontaj.ro\/wp-content\/uploads\/2024\/11\/romania-turda-1-300x179.jpg 300w\" sizes=\"(max-width: 521px) 100vw, 521px\" \/>\t\t\t\t\t\t\t\t\t\t\t\t\t\t\t<\/div>\n\t\t\t\t<\/div>\n\t\t\t\t<div class=\"elementor-element elementor-element-4ed6cd6a elementor-widget elementor-widget-heading\" data-id=\"4ed6cd6a\" data-element_type=\"widget\" data-widget_type=\"heading.default\">\n\t\t\t\t<div class=\"elementor-widget-container\">\n\t\t\t\t\t<h2 class=\"elementor-heading-title elementor-size-default\">2023<\/h2>\t\t\t\t<\/div>\n\t\t\t\t<\/div>\n\t\t\t\t<div class=\"elementor-element elementor-element-14b0f8ac elementor-widget elementor-widget-heading\" data-id=\"14b0f8ac\" data-element_type=\"widget\" data-widget_type=\"heading.default\">\n\t\t\t\t<div class=\"elementor-widget-container\">\n\t\t\t\t\t<h2 class=\"elementor-heading-title elementor-size-default\">Rom\u00e2nia<\/h2>\t\t\t\t<\/div>\n\t\t\t\t<\/div>\n\t\t\t\t<div class=\"elementor-element elementor-element-5254f8a9 elementor-widget elementor-widget-heading\" data-id=\"5254f8a9\" data-element_type=\"widget\" data-widget_type=\"heading.default\">\n\t\t\t\t<div class=\"elementor-widget-container\">\n\t\t\t\t\t<h2 class=\"elementor-heading-title elementor-size-default\">Turda<\/h2>\t\t\t\t<\/div>\n\t\t\t\t<\/div>\n\t\t\t\t<div class=\"elementor-element elementor-element-1e6d7ec4 elementor-widget elementor-widget-text-editor\" data-id=\"1e6d7ec4\" data-element_type=\"widget\" data-widget_type=\"text-editor.default\">\n\t\t\t\t<div class=\"elementor-widget-container\">\n\t\t\t\t\t\t\t\t\t<p class=\"p2\">Desf\u0103\u0219urarea activit\u0103\u021bilor specializate de asamblare pentru montajul mecanic complet al Unit\u0103\u021bii Industriale de Calcinare \u0219i Pl\u0103ci de Gips Saint Gobain.<\/p>\t\t\t\t\t\t\t\t<\/div>\n\t\t\t\t<\/div>\n\t\t\t\t<\/div>\n\t\t<div class=\"elementor-element elementor-element-19d3e352 e-con-full e-flex elementor-invisible e-con e-child\" data-id=\"19d3e352\" data-element_type=\"container\" data-settings=\"{&quot;animation&quot;:&quot;fadeInUp&quot;,&quot;animation_delay&quot;:600}\">\n\t\t\t\t<div class=\"elementor-element elementor-element-2cf1bfaa elementor-widget elementor-widget-image\" data-id=\"2cf1bfaa\" data-element_type=\"widget\" data-widget_type=\"image.default\">\n\t\t\t\t<div class=\"elementor-widget-container\">\n\t\t\t\t\t\t\t\t\t\t\t\t\t\t\t<img loading=\"lazy\" decoding=\"async\" width=\"521\" height=\"311\" src=\"https:\/\/universalmontaj.ro\/wp-content\/uploads\/2024\/11\/spain-1.jpg\" class=\"attachment-large size-large wp-image-123\" alt=\"spain universal montaj knauf factory\" srcset=\"https:\/\/universalmontaj.ro\/wp-content\/uploads\/2024\/11\/spain-1.jpg 521w, https:\/\/universalmontaj.ro\/wp-content\/uploads\/2024\/11\/spain-1-300x179.jpg 300w\" sizes=\"(max-width: 521px) 100vw, 521px\" \/>\t\t\t\t\t\t\t\t\t\t\t\t\t\t\t<\/div>\n\t\t\t\t<\/div>\n\t\t\t\t<div class=\"elementor-element elementor-element-4b21698 elementor-widget elementor-widget-heading\" data-id=\"4b21698\" data-element_type=\"widget\" data-widget_type=\"heading.default\">\n\t\t\t\t<div class=\"elementor-widget-container\">\n\t\t\t\t\t<h2 class=\"elementor-heading-title elementor-size-default\">2024<\/h2>\t\t\t\t<\/div>\n\t\t\t\t<\/div>\n\t\t\t\t<div class=\"elementor-element elementor-element-12c6943d elementor-widget elementor-widget-heading\" data-id=\"12c6943d\" data-element_type=\"widget\" data-widget_type=\"heading.default\">\n\t\t\t\t<div class=\"elementor-widget-container\">\n\t\t\t\t\t<h2 class=\"elementor-heading-title elementor-size-default\">Spania<\/h2>\t\t\t\t<\/div>\n\t\t\t\t<\/div>\n\t\t\t\t<div class=\"elementor-element elementor-element-a26214d elementor-widget elementor-widget-heading\" data-id=\"a26214d\" data-element_type=\"widget\" data-widget_type=\"heading.default\">\n\t\t\t\t<div class=\"elementor-widget-container\">\n\t\t\t\t\t<h2 class=\"elementor-heading-title elementor-size-default\">Orejo<\/h2>\t\t\t\t<\/div>\n\t\t\t\t<\/div>\n\t\t\t\t<div class=\"elementor-element elementor-element-2d843597 elementor-widget elementor-widget-text-editor\" data-id=\"2d843597\" data-element_type=\"widget\" data-widget_type=\"text-editor.default\">\n\t\t\t\t<div class=\"elementor-widget-container\">\n\t\t\t\t\t\t\t\t\t<p class=\"p2\">Asigurarea serviciilor de instalare a echipamentelor \u0219i utilajelor industriale pentru asamblarea mecanic\u0103 complet\u0103 a Fabricii de Pl\u0103ci de Gips BMG FOS SAS.<\/p>\t\t\t\t\t\t\t\t<\/div>\n\t\t\t\t<\/div>\n\t\t\t\t<\/div>\n\t\t\t\t<\/div>\n\t\t\t\t\t<\/div>\n\t\t\t\t<\/div>\n\t\t\t\t<\/div>","protected":false},"excerpt":{"rendered":"<p>Our projects 2021 Greece Amfilochia Mechanical assembly of a Drywall System consisting of mixing, forming, drying, rolling table, shredder, cross conveyor, and rotator sections. 2022 France Fos-sur-Mer (Near Marseille) Providing installation services for industrial machinery and equipment for the complete mechanical assembly of the Gypsum Board Plant BMG FOS SAS. 2023 Rom\u00e2nia Turda Carrying out [&hellip;]<\/p>","protected":false},"author":1,"featured_media":0,"parent":0,"menu_order":0,"comment_status":"closed","ping_status":"closed","template":"","meta":{"footnotes":""},"class_list":["post-271","page","type-page","status-publish","hentry"],"_links":{"self":[{"href":"https:\/\/universalmontaj.ro\/ro\/wp-json\/wp\/v2\/pages\/271","targetHints":{"allow":["GET"]}}],"collection":[{"href":"https:\/\/universalmontaj.ro\/ro\/wp-json\/wp\/v2\/pages"}],"about":[{"href":"https:\/\/universalmontaj.ro\/ro\/wp-json\/wp\/v2\/types\/page"}],"author":[{"embeddable":true,"href":"https:\/\/universalmontaj.ro\/ro\/wp-json\/wp\/v2\/users\/1"}],"replies":[{"embeddable":true,"href":"https:\/\/universalmontaj.ro\/ro\/wp-json\/wp\/v2\/comments?post=271"}],"version-history":[{"count":16,"href":"https:\/\/universalmontaj.ro\/ro\/wp-json\/wp\/v2\/pages\/271\/revisions"}],"predecessor-version":[{"id":623,"href":"https:\/\/universalmontaj.ro\/ro\/wp-json\/wp\/v2\/pages\/271\/revisions\/623"}],"wp:attachment":[{"href":"https:\/\/universalmontaj.ro\/ro\/wp-json\/wp\/v2\/media?parent=271"}],"curies":[{"name":"wp","href":"https:\/\/api.w.org\/{rel}","templated":true}]}}