{"id":243,"date":"2024-11-18T10:24:54","date_gmt":"2024-11-18T10:24:54","guid":{"rendered":"https:\/\/universalmontaj.ro\/?page_id=243"},"modified":"2024-11-25T18:06:36","modified_gmt":"2024-11-25T18:06:36","slug":"services","status":"publish","type":"page","link":"https:\/\/universalmontaj.ro\/ro\/services\/","title":{"rendered":"Servicii"},"content":{"rendered":"<div data-elementor-type=\"wp-page\" data-elementor-id=\"243\" class=\"elementor elementor-243\" data-elementor-post-type=\"page\">\n\t\t\t\t<div class=\"elementor-element elementor-element-58f4b05 e-flex e-con-boxed elementor-invisible e-con e-parent\" data-id=\"58f4b05\" data-element_type=\"container\" data-settings=\"{&quot;background_background&quot;:&quot;classic&quot;,&quot;animation&quot;:&quot;slideInDown&quot;}\">\n\t\t\t\t\t<div class=\"e-con-inner\">\n\t\t\t\t<div class=\"elementor-element elementor-element-8399258 elementor-invisible elementor-widget elementor-widget-heading\" data-id=\"8399258\" data-element_type=\"widget\" data-settings=\"{&quot;_animation&quot;:&quot;fadeInUp&quot;}\" data-widget_type=\"heading.default\">\n\t\t\t\t<div class=\"elementor-widget-container\">\n\t\t\t\t\t<h2 class=\"elementor-heading-title elementor-size-default\">Serviciile Noastre<\/h2>\t\t\t\t<\/div>\n\t\t\t\t<\/div>\n\t\t\t\t\t<\/div>\n\t\t\t\t<\/div>\n\t\t<div class=\"elementor-element elementor-element-1fefaf6 e-flex e-con-boxed e-con e-parent\" data-id=\"1fefaf6\" data-element_type=\"container\">\n\t\t\t\t\t<div class=\"e-con-inner\">\n\t\t<div class=\"elementor-element elementor-element-16defd6 e-con-full e-flex e-con e-child\" data-id=\"16defd6\" data-element_type=\"container\">\n\t\t<div class=\"elementor-element elementor-element-d821ef6 e-con-full e-flex e-con e-child\" data-id=\"d821ef6\" data-element_type=\"container\">\n\t\t<div class=\"elementor-element elementor-element-744de13 e-con-full e-flex e-con e-child\" data-id=\"744de13\" data-element_type=\"container\">\n\t\t\t\t<div class=\"elementor-element elementor-element-760c05b elementor-widget elementor-widget-heading\" data-id=\"760c05b\" data-element_type=\"widget\" data-widget_type=\"heading.default\">\n\t\t\t\t<div class=\"elementor-widget-container\">\n\t\t\t\t\t<h2 class=\"elementor-heading-title elementor-size-default\">Consultan\u021b\u0103 \u0219i Planificare:<\/h2>\t\t\t\t<\/div>\n\t\t\t\t<\/div>\n\t\t\t\t<div class=\"elementor-element elementor-element-5d5baab elementor-widget elementor-widget-text-editor\" data-id=\"5d5baab\" data-element_type=\"widget\" data-widget_type=\"text-editor.default\">\n\t\t\t\t<div class=\"elementor-widget-container\">\n\t\t\t\t\t\t\t\t\t<p>Identific\u0103m nevoile \u0219i obiectivele de produc\u021bie ale clien\u021bilor, select\u0103m echipamentele \u0219i tehnologiile adecvate \u0219i planific\u0103m spa\u021biul \u0219i fluxul de lucru. Proiect\u0103m solu\u021bii tehnice detaliate, optimiz\u0103m procesele \u0219i oferim suport cuprinz\u0103tor pe parcursul tuturor etapelor de implementare.<\/p>\t\t\t\t\t\t\t\t<\/div>\n\t\t\t\t<\/div>\n\t\t\t\t<\/div>\n\t\t<div class=\"elementor-element elementor-element-764a30b e-con-full e-flex e-con e-child\" data-id=\"764a30b\" data-element_type=\"container\">\n\t\t\t\t<div class=\"elementor-element elementor-element-456628d elementor-widget elementor-widget-heading\" data-id=\"456628d\" data-element_type=\"widget\" data-widget_type=\"heading.default\">\n\t\t\t\t<div class=\"elementor-widget-container\">\n\t\t\t\t\t<h2 class=\"elementor-heading-title elementor-size-default\">Repara\u021bii \u0219i \u00centre\u021binere:<\/h2>\t\t\t\t<\/div>\n\t\t\t\t<\/div>\n\t\t\t\t<div class=\"elementor-element elementor-element-df78d1d elementor-widget elementor-widget-text-editor\" data-id=\"df78d1d\" data-element_type=\"widget\" data-widget_type=\"text-editor.default\">\n\t\t\t\t<div class=\"elementor-widget-container\">\n\t\t\t\t\t\t\t\t\t<p>Oferim o gam\u0103 complet\u0103 de servicii, inclusiv revizie, vopsire \u0219i \u00eenlocuire a componentelor  industriale, trat\u00e2nd fiecare proiect cu aten\u021bie. Echipa noastr\u0103 asigur\u0103 o execu\u021bie de \u00eenalt\u0103 calitate, angaj\u00e2ndu-se s\u0103 respecte standardele de calitate, siguran\u021b\u0103 \u0219i eficien\u021b\u0103.<\/p>\t\t\t\t\t\t\t\t<\/div>\n\t\t\t\t<\/div>\n\t\t\t\t<\/div>\n\t\t<div class=\"elementor-element elementor-element-bbe5564 e-con-full e-flex e-con e-child\" data-id=\"bbe5564\" data-element_type=\"container\">\n\t\t\t\t<div class=\"elementor-element elementor-element-b1ad53a elementor-widget elementor-widget-heading\" data-id=\"b1ad53a\" data-element_type=\"widget\" data-widget_type=\"heading.default\">\n\t\t\t\t<div class=\"elementor-widget-container\">\n\t\t\t\t\t<h2 class=\"elementor-heading-title elementor-size-default\">L\u0103c\u0103tu\u0219erie \u0219i Sudur\u0103 <\/h2>\t\t\t\t<\/div>\n\t\t\t\t<\/div>\n\t\t\t\t<div class=\"elementor-element elementor-element-68a196c elementor-widget elementor-widget-text-editor\" data-id=\"68a196c\" data-element_type=\"widget\" data-widget_type=\"text-editor.default\">\n\t\t\t\t<div class=\"elementor-widget-container\">\n\t\t\t\t\t\t\t\t\t<p>Impreun\u0103 cu colegii nostri, oferim instalarea componentelor metalice esen\u021biale \u00een procesele industriale. Ace\u0219tia sunt califica\u021bi at\u00e2t \u00een manipularea componentelor mici, care necesit\u0103 un nivel \u00eenalt de precizie, c\u00e2t \u0219i \u00een montajul structurilor complexe. \u00cen procesul de asamblare, includem \u0219i servicii de sudur\u0103, asigur\u00e2ndu-ne c\u0103 fiecare component\u0103 este fixat\u0103 \u0219i sudat\u0103 conform standardelor de siguran\u021b\u0103 \u0219i performan\u021b\u0103.<\/p>\t\t\t\t\t\t\t\t<\/div>\n\t\t\t\t<\/div>\n\t\t\t\t<\/div>\n\t\t<div class=\"elementor-element elementor-element-0fe017a e-con-full e-flex e-con e-child\" data-id=\"0fe017a\" data-element_type=\"container\">\n\t\t\t\t<div class=\"elementor-element elementor-element-20732a8 elementor-widget elementor-widget-heading\" data-id=\"20732a8\" data-element_type=\"widget\" data-widget_type=\"heading.default\">\n\t\t\t\t<div class=\"elementor-widget-container\">\n\t\t\t\t\t<h2 class=\"elementor-heading-title elementor-size-default\">Asamblare Mecanic\u0103: <\/h2>\t\t\t\t<\/div>\n\t\t\t\t<\/div>\n\t\t\t\t<div class=\"elementor-element elementor-element-bd7dd12 elementor-widget elementor-widget-text-editor\" data-id=\"bd7dd12\" data-element_type=\"widget\" data-widget_type=\"text-editor.default\">\n\t\t\t\t<div class=\"elementor-widget-container\">\n\t\t\t\t\t\t\t\t\t<p>Realiz\u0103m asambl\u0103ri \u0219i dezasmbl\u0103ri complexe ale diverselor ma\u0219in\u0103rii \u0219i echipamente industriale, adapt\u00e2ndu-ne la cerin\u021bele specifice ale fiec\u0103rui proiect, indiferent de dimensiunea sau dificultatea acestuia.<\/p>\t\t\t\t\t\t\t\t<\/div>\n\t\t\t\t<\/div>\n\t\t\t\t<\/div>\n\t\t\t\t<\/div>\n\t\t\t\t<\/div>\n\t\t\t\t\t<\/div>\n\t\t\t\t<\/div>\n\t\t\t\t<\/div>","protected":false},"excerpt":{"rendered":"<p>Our Services Consultancy and Planning: We identify clients&#8217; production needs and objectives, select suitable equipment and technologies, and plan the space and workflow. We design detailed technical solutions, optimize processes, and provide comprehensive support throughout all implementation phases. Repairs and Maintenance: We offer a complete selection of services, including maintenance, painting, and replacement of industrial [&hellip;]<\/p>","protected":false},"author":1,"featured_media":0,"parent":0,"menu_order":0,"comment_status":"closed","ping_status":"closed","template":"","meta":{"footnotes":""},"class_list":["post-243","page","type-page","status-publish","hentry"],"_links":{"self":[{"href":"https:\/\/universalmontaj.ro\/ro\/wp-json\/wp\/v2\/pages\/243","targetHints":{"allow":["GET"]}}],"collection":[{"href":"https:\/\/universalmontaj.ro\/ro\/wp-json\/wp\/v2\/pages"}],"about":[{"href":"https:\/\/universalmontaj.ro\/ro\/wp-json\/wp\/v2\/types\/page"}],"author":[{"embeddable":true,"href":"https:\/\/universalmontaj.ro\/ro\/wp-json\/wp\/v2\/users\/1"}],"replies":[{"embeddable":true,"href":"https:\/\/universalmontaj.ro\/ro\/wp-json\/wp\/v2\/comments?post=243"}],"version-history":[{"count":10,"href":"https:\/\/universalmontaj.ro\/ro\/wp-json\/wp\/v2\/pages\/243\/revisions"}],"predecessor-version":[{"id":566,"href":"https:\/\/universalmontaj.ro\/ro\/wp-json\/wp\/v2\/pages\/243\/revisions\/566"}],"wp:attachment":[{"href":"https:\/\/universalmontaj.ro\/ro\/wp-json\/wp\/v2\/media?parent=243"}],"curies":[{"name":"wp","href":"https:\/\/api.w.org\/{rel}","templated":true}]}}